{"id":3,"date":"2023-11-20T16:23:46","date_gmt":"2023-11-20T16:23:46","guid":{"rendered":"https:\/\/www.matiasreba.com\/?page_id=3"},"modified":"2023-11-28T09:17:56","modified_gmt":"2023-11-28T14:17:56","slug":"privacidad","status":"publish","type":"page","link":"https:\/\/www.matiasreba.com\/en\/privacidad\/","title":{"rendered":"Pol\u00edtica de privacidad"},"content":{"rendered":"<div data-elementor-type=\"wp-page\" data-elementor-id=\"3\" class=\"elementor elementor-3\">\n\t\t\t\t\t\t<section class=\"elementor-section elementor-top-section elementor-element elementor-element-1f781252 elementor-section-full_width elementor-section-height-min-height elementor-section-stretched elementor-section-height-default elementor-section-items-middle wd-section-disabled\" data-id=\"1f781252\" data-element_type=\"section\" data-settings=\"{&quot;stretch_section&quot;:&quot;section-stretched&quot;,&quot;background_background&quot;:&quot;classic&quot;}\">\n\t\t\t\t\t\t\t<div class=\"elementor-background-overlay\"><\/div>\n\t\t\t\t\t\t\t<div class=\"elementor-container elementor-column-gap-default\">\n\t\t\t\t\t<div class=\"elementor-column elementor-col-100 elementor-top-column elementor-element elementor-element-485885c1\" data-id=\"485885c1\" data-element_type=\"column\">\n\t\t\t<div class=\"elementor-widget-wrap elementor-element-populated\">\n\t\t\t\t\t\t<div class=\"elementor-element elementor-element-76c9efe3 elementor-widget elementor-widget-wd_title\" data-id=\"76c9efe3\" data-element_type=\"widget\" data-widget_type=\"wd_title.default\">\n\t\t\t\t<div class=\"elementor-widget-container\">\n\t\t\t\t\t\t\t<div class=\"title-wrapper set-mb-s reset-last-child wd-title-color-default wd-title-style-default wd-title-size-default text-center\">\n\n\t\t\t\n\t\t\t<div class=\"liner-continer\">\n\t\t\t\t<h4 class=\"woodmart-title-container title wd-fontsize-l\">POL\u00cdTICA DE PRIVACIDAD<\/h4> \n\t\t\t\t\t\t\t<\/div>\n\n\t\t\t\t\t<\/div>\n\t\t\t\t\t\t<\/div>\n\t\t\t\t<\/div>\n\t\t\t\t\t<\/div>\n\t\t<\/div>\n\t\t\t\t\t<\/div>\n\t\t<\/section>\n\t\t\t\t<section class=\"elementor-section elementor-top-section elementor-element elementor-element-e12a5ce elementor-section-boxed elementor-section-height-default elementor-section-height-default wd-section-disabled\" data-id=\"e12a5ce\" data-element_type=\"section\" data-settings=\"{&quot;background_background&quot;:&quot;classic&quot;}\">\n\t\t\t\t\t\t<div class=\"elementor-container elementor-column-gap-default\">\n\t\t\t\t\t<div class=\"elementor-column elementor-col-100 elementor-top-column elementor-element elementor-element-de908ec\" data-id=\"de908ec\" data-element_type=\"column\">\n\t\t\t<div class=\"elementor-widget-wrap elementor-element-populated\">\n\t\t\t\t\t\t<div class=\"elementor-element elementor-element-481628b1 elementor-widget elementor-widget-image\" data-id=\"481628b1\" data-element_type=\"widget\" data-widget_type=\"image.default\">\n\t\t\t\t<div class=\"elementor-widget-container\">\n\t\t\t\t\t\t\t\t\t\t\t\t\t\t\t\t<a href=\"https:\/\/www.matiasreba.com\">\n\t\t\t\t\t\t\t<img fetchpriority=\"high\" decoding=\"async\" width=\"600\" height=\"141\" src=\"https:\/\/www.matiasreba.com\/wp-content\/uploads\/2023\/11\/MATIASREBA-logo-white-trans.png\" class=\"attachment-full size-full wp-image-53\" alt=\"\" srcset=\"https:\/\/www.matiasreba.com\/wp-content\/uploads\/2023\/11\/MATIASREBA-logo-white-trans.png 600w, https:\/\/www.matiasreba.com\/wp-content\/uploads\/2023\/11\/MATIASREBA-logo-white-trans-300x71.png 300w, https:\/\/www.matiasreba.com\/wp-content\/uploads\/2023\/11\/MATIASREBA-logo-white-trans-18x4.png 18w, https:\/\/www.matiasreba.com\/wp-content\/uploads\/2023\/11\/MATIASREBA-logo-white-trans-150x35.png 150w\" sizes=\"(max-width: 600px) 100vw, 600px\" \/>\t\t\t\t\t\t\t\t<\/a>\n\t\t\t\t\t\t\t\t\t\t\t\t\t\t\t<\/div>\n\t\t\t\t<\/div>\n\t\t\t\t\t<\/div>\n\t\t<\/div>\n\t\t\t\t\t<\/div>\n\t\t<\/section>\n\t\t\t\t<section class=\"elementor-section elementor-top-section elementor-element elementor-element-7de49de elementor-section-boxed elementor-section-height-default elementor-section-height-default wd-section-disabled\" data-id=\"7de49de\" data-element_type=\"section\">\n\t\t\t\t\t\t<div class=\"elementor-container elementor-column-gap-default\">\n\t\t\t\t\t<div class=\"elementor-column elementor-col-100 elementor-top-column elementor-element elementor-element-5bc0d9dc\" data-id=\"5bc0d9dc\" data-element_type=\"column\">\n\t\t\t<div class=\"elementor-widget-wrap elementor-element-populated\">\n\t\t\t\t\t\t<div class=\"elementor-element elementor-element-15346ea7 color-scheme-inherit text-left elementor-widget elementor-widget-text-editor\" data-id=\"15346ea7\" data-element_type=\"widget\" data-widget_type=\"text-editor.default\">\n\t\t\t\t<div class=\"elementor-widget-container\">\n\t\t\t\t\t\t\t\t\t<h2><span style=\"text-decoration: underline;\">QUIENES SOMOS<\/span><\/h2>\n<p>Nuestro sitio web es https:\/\/www.matiasreba.com\/<\/p>\n<p>En matiasreba nos preocupamos por la privacidad de nuestros visitantes. Este documento de Pol\u00edtica de privacidad contiene tipos de informaci\u00f3n recopilada y registrada por matiasreba y c\u00f3mo la usamos.<\/p>\n<p>Si tiene preguntas adicionales o requiere m\u00e1s informaci\u00f3n sobre nuestra Pol\u00edtica de Privacidad, no dude en contactarnos.<\/p>\n<p>Esta Pol\u00edtica de privacidad se aplica solo a nuestras actividades en l\u00ednea y es v\u00e1lida para los visitantes de nuestro sitio web con respecto a la informaci\u00f3n que compartieron y\/o recopilaron en matiasreba. Esta pol\u00edtica no se aplica a ninguna informaci\u00f3n recopilada fuera de l\u00ednea o a trav\u00e9s de canales que no sean este sitio web.<\/p>\n<h2><span style=\"text-decoration: underline;\">CONSENTIMIENTO<\/span><\/h2>\n<p>Al utilizar nuestro sitio web, usted acepta nuestra Pol\u00edtica de privacidad y acepta sus t\u00e9rminos.<\/p>\n<h2><span style=\"text-decoration: underline;\">Informaci\u00f3n que recopilamos<\/span><\/h2>\n<p>La informaci\u00f3n personal que se le solicita que proporcione, y las razones por las que se le solicita que la proporcione, se le aclarar\u00e1n en el momento en que le solicitemos que proporcione su informaci\u00f3n personal.<\/p>\n<p>Si se comunica con nosotros directamente, podemos recibir informaci\u00f3n adicional sobre usted, como su nombre, direcci\u00f3n de correo electr\u00f3nico, n\u00famero de tel\u00e9fono, el contenido del mensaje y\/o los archivos adjuntos que nos env\u00ede, y cualquier otra informaci\u00f3n que elija proporcionar.<\/p>\n<p>Cuando se registra para una Cuenta, podemos solicitar su informaci\u00f3n de contacto, incluidos elementos como el nombre, el nombre de la empresa, la direcci\u00f3n, la direcci\u00f3n de correo electr\u00f3nico y el n\u00famero de tel\u00e9fono.<\/p>\n<h2>C\u00f3mo usamos su informaci\u00f3n<\/h2>\n<p>Usamos la informaci\u00f3n que recopilamos de varias maneras, incluso para:<\/p>\n<ul>\n<li>Proporcionar, operar y mantener nuestro sitio web<\/li>\n<li>Mejorar, personalizar y expandir nuestro sitio web<\/li>\n<li>Comprender y analizar c\u00f3mo utiliza nuestro sitio web<\/li>\n<li>Desarrollar nuevos productos, servicios, caracter\u00edsticas y funcionalidades.<\/li>\n<li>Comunicarnos con usted, ya sea directamente o a trav\u00e9s de uno de nuestros socios, incluido el servicio de atenci\u00f3n al cliente, para brindarle actualizaciones y otra informaci\u00f3n relacionada con el sitio web, y con fines promocionales y de marketing.<\/li>\n<li>Enviarle correos electr\u00f3nicos<\/li>\n<li>Encontrar y prevenir el fraude<\/li>\n<\/ul>\n<h2>Archivos de registro<\/h2>\n<p>matiasreba sigue un procedimiento est\u00e1ndar de uso de archivos de registro. Estos archivos registran a los visitantes cuando visitan sitios web. Todas las empresas de alojamiento hacen esto y forman parte del an\u00e1lisis de los servicios de alojamiento. La informaci\u00f3n recopilada por los archivos de registro incluye direcciones de protocolo de Internet (IP), tipo de navegador, proveedor de servicios de Internet (ISP), marca de fecha y hora, p\u00e1ginas de referencia\/salida y, posiblemente, la cantidad de clics. Estos no est\u00e1n vinculados a ninguna informaci\u00f3n que sea personalmente identificable. El prop\u00f3sito de la informaci\u00f3n es analizar tendencias, administrar el sitio, rastrear el movimiento de los usuarios en el sitio web y recopilar informaci\u00f3n demogr\u00e1fica.<\/p>\n<h2>Cookies y balizas web<\/h2>\n<p>Como cualquier otro sitio web, matiasreba utiliza &#8216;cookies&#8217;. Estas cookies se utilizan para almacenar informaci\u00f3n, incluidas las preferencias de los visitantes y las p\u00e1ginas del sitio web a las que accedi\u00f3 o visit\u00f3 el visitante. La informaci\u00f3n se utiliza para optimizar la experiencia de los usuarios al personalizar el contenido de nuestra p\u00e1gina web seg\u00fan el tipo de navegador de los visitantes y\/u otra informaci\u00f3n.<\/p>\n<p>Para obtener m\u00e1s informaci\u00f3n general sobre las cookies, lea el art\u00edculo <strong><a style=\"color: #2ea8b8;\" href=\"https:\/\/www.generateprivacypolicy.com\/#cookies\">Cookies en la p\u00e1gina web de Generate Privacy Policy<\/a>.<\/strong><\/p>\n<h2>Pol\u00edticas de privacidad de socios publicitarios<\/h2>\n<p>Puede consultar esta lista para encontrar la Pol\u00edtica de privacidad de cada uno de los socios publicitarios de matiasreba.<\/p>\n<p>Los servidores de anuncios o redes publicitarias de terceros utilizan tecnolog\u00edas como cookies, JavaScript o balizas web que se utilizan en sus respectivos anuncios y enlaces que aparecen en matiasreba, que se env\u00edan directamente al navegador de los usuarios. Reciben autom\u00e1ticamente su direcci\u00f3n IP cuando esto ocurre. Estas tecnolog\u00edas se utilizan para medir la efectividad de sus campa\u00f1as publicitarias y\/o para personalizar el contenido publicitario que ve en los sitios web que visita.<\/p>\n<p>Tenga en cuenta que matiasreba no tiene acceso ni control sobre estas cookies que utilizan los anunciantes de terceros.<\/p>\n<h2>Pol\u00edticas de privacidad de terceros<\/h2>\n<p>La Pol\u00edtica de privacidad de matiasreba no se aplica a otros anunciantes o sitios web. Por lo tanto, le recomendamos que consulte las Pol\u00edticas de privacidad respectivas de estos servidores de anuncios de terceros para obtener informaci\u00f3n m\u00e1s detallada. Puede incluir sus pr\u00e1cticas e instrucciones sobre c\u00f3mo excluirse de ciertas opciones.<\/p>\n<p>Puede optar por deshabilitar las cookies a trav\u00e9s de las opciones de su navegador individual. Para conocer informaci\u00f3n m\u00e1s detallada sobre la gesti\u00f3n de cookies con navegadores web espec\u00edficos, se puede encontrar en los sitios web respectivos de los navegadores.<\/p>\n<h2>Informaci\u00f3n para ni\u00f1os<\/h2>\n<p>Otra parte de nuestra prioridad es agregar protecci\u00f3n para los ni\u00f1os mientras usan Internet. Alentamos a los padres y tutores a observar, participar y\/o monitorear y guiar su actividad en l\u00ednea.<\/p>\n<p>matiasreba no recopila a sabiendas ninguna informaci\u00f3n de identificaci\u00f3n personal de ni\u00f1os menores de 13 a\u00f1os. Si cree que su hijo proporcion\u00f3 este tipo de informaci\u00f3n en nuestro sitio web, le recomendamos encarecidamente que se comunique con nosotros de inmediato y haremos todo lo posible para eliminar de inmediato dicha informaci\u00f3n de nuestros registros.<\/p>\n<h2><span style=\"text-decoration: underline;\">servicios de terceros que UTILIZAMOS<\/span><\/h2>\n<h2>FORMULARIOS DE GOOGLE<\/h2>\n<p>Algunos trabajos encargados requieren la recopilaci\u00f3n de informaci\u00f3n enviada por el cliente a trav\u00e9s de Google Forms.<br>por favor lea <strong style=\"font-size: 15px; font-style: normal; font-variant-ligatures: normal; font-variant-caps: normal;\"><span style=\"color: #2ea8b8;\"><a style=\"color: #2ea8b8;\" href=\"https:\/\/policies.google.com\/privacy\">Pol\u00edticas de Privacidad de Google<\/a><\/span><\/strong>&nbsp;para mayor informaci\u00f3n.<\/p>\n<h2>HUBSPOT PARA WOOCOMMERCE<\/h2>\n<p>Usamos su correo electr\u00f3nico para enviar los datos relacionados con sus pedidos a trav\u00e9s de HubSpot.<\/p>\n<p>HubSpot es una plataforma de ventas y marketing entrante que ayuda a las empresas a atraer visitantes, convertir clientes potenciales y cerrar clientes.<\/p>\n<p>Consulte <strong><span style=\"color: #2ea8b8;\"><a style=\"color: #2ea8b8;\" href=\"https:\/\/www.hubspot.com\/data-privacy\/gdpr\" target=\"_blank\" rel=\"noopener\">Privacidad de Dtos de HubSpot<\/a><\/span><\/strong>&nbsp;para obtener m\u00e1s detalles.<\/p>\n<h2>WOOCOMMERCE<\/h2>\n<p>Recopilamos informaci\u00f3n sobre usted durante el proceso de compra en nuestra tienda.<\/p>\n<h2>LO QUE RECOPILAMOS Y ALMACENAMOS<\/h2>\n<p>Mientras visita nuestro sitio, realizaremos un seguimiento de:<\/p>\n<ul>\n<li>Productos que ha visto: usaremos esto para, por ejemplo, mostrarle productos que ha visto recientemente<\/li>\n<li>Ubicaci\u00f3n, direcci\u00f3n IP y tipo de navegador: lo usaremos para fines como la estimaci\u00f3n de impuestos y env\u00edo<\/li>\n<li>Direcci\u00f3n de env\u00edo: le pediremos que ingrese esto para que podamos, por ejemplo, estimar el env\u00edo antes de realizar un pedido y enviarle el pedido.<\/li>\n<\/ul>\n<p>Tambi\u00e9n utilizaremos cookies para realizar un seguimiento del contenido del carrito mientras navega por nuestro sitio.<\/p>\n<p>Cuando nos compre, le pediremos que proporcione informaci\u00f3n que incluya su nombre, direcci\u00f3n de facturaci\u00f3n, direcci\u00f3n de env\u00edo, direcci\u00f3n de correo electr\u00f3nico, n\u00famero de tel\u00e9fono, tarjeta de cr\u00e9dito\/detalles de pago e informaci\u00f3n opcional de la cuenta, como nombre de usuario y contrase\u00f1a. Usaremos esta informaci\u00f3n para prop\u00f3sitos tales como:<\/p>\n<ul>\n<li>Enviarle informaci\u00f3n sobre su cuenta y pedido<\/li>\n<li>Responder a sus solicitudes, incluidos los reembolsos y las quejas<\/li>\n<li>Procesar pagos y prevenir fraudes<\/li>\n<li>Configura tu cuenta para nuestra tienda<\/li>\n<li>Cumplir con cualquier obligaci\u00f3n legal que tengamos, como el c\u00e1lculo de impuestos.<\/li>\n<li>Mejorar las ofertas de nuestra tienda<\/li>\n<li>Enviarle mensajes de marketing, si elige recibirlos.<\/li>\n<\/ul>\n<p>Si crea una cuenta, almacenaremos su nombre, direcci\u00f3n, correo electr\u00f3nico y n\u00famero de tel\u00e9fono, que se utilizar\u00e1n para completar el proceso de pago para futuros pedidos.<\/p>\n<p>Por lo general, almacenamos informaci\u00f3n sobre usted durante el tiempo que necesitamos la informaci\u00f3n para los fines para los que la recopilamos y usamos, y no estamos legalmente obligados a continuar conserv\u00e1ndola. Por ejemplo, almacenaremos informaci\u00f3n de pedidos durante XXX a\u00f1os con fines fiscales y contables. Esto incluye su nombre, direcci\u00f3n de correo electr\u00f3nico y direcciones de facturaci\u00f3n y env\u00edo.<\/p>\n<p>Tambi\u00e9n almacenaremos comentarios o rese\u00f1as, si decide dejarlos.<\/p>\n<h2>QUI\u00c9N DE NUESTRO EQUIPO TIENE ACCESO<\/h2>\n<p>Los miembros de nuestro equipo tienen acceso a la informaci\u00f3n que nos proporciona. Por ejemplo, tanto los Administradores como los Gerentes de Tienda pueden acceder a:<\/p>\n<ul>\n<li>Informaci\u00f3n del pedido como lo que se compr\u00f3, cu\u00e1ndo se compr\u00f3 y ad\u00f3nde se debe enviar, y<\/li>\n<li>Informaci\u00f3n del cliente como su nombre, direcci\u00f3n de correo electr\u00f3nico e informaci\u00f3n de facturaci\u00f3n y env\u00edo.<br>Los miembros de nuestro equipo tienen acceso a esta informaci\u00f3n para ayudar a cumplir con los pedidos, procesar los reembolsos y apoyarlo.<\/li>\n<\/ul>\n<h2>PAGOS<\/h2>\n<p>Aceptamos pagos a trav\u00e9s de XXX. Al procesar pagos, algunos de sus datos se transferir\u00e1n a xxx, incluida la informaci\u00f3n requerida para procesar o respaldar el pago, como el total de la compra y la informaci\u00f3n de facturaci\u00f3n.<\/p>\n<p>Consulte la <strong><span style=\"color: #2ea8b8;\">Pol\u00edtica de Privacidad de XXX&nbsp;<\/span><\/strong>para obtener m\u00e1s detalles.<\/p>\n<p><\/p>\n<h2><span style=\"text-decoration: underline;\">CAMBIOS EN LA POL\u00cdTICA<\/span><\/h2>\n<p>Cualquier cambio o actualizaci\u00f3n futura de esta pol\u00edtica se publicar\u00e1 en esta p\u00e1gina.<\/p>\t\t\t\t\t\t\t\t<\/div>\n\t\t\t\t<\/div>\n\t\t\t\t\t<\/div>\n\t\t<\/div>\n\t\t\t\t\t<\/div>\n\t\t<\/section>\n\t\t\t\t<\/div>","protected":false},"excerpt":{"rendered":"<p>POL\u00cdTICA DE PRIVACIDAD QUIENES SOMOS Nuestro sitio web es https:\/\/www.matiasreba.com\/ En matiasreba nos preocupamos por la privacidad de nuestros visitantes.<\/p>","protected":false},"author":1,"featured_media":1495,"parent":0,"menu_order":0,"comment_status":"closed","ping_status":"open","template":"","meta":{"footnotes":""},"class_list":["post-3","page","type-page","status-publish","has-post-thumbnail","hentry"],"yoast_head":"<!-- This site is optimized with the Yoast SEO plugin v26.7 - https:\/\/yoast.com\/wordpress\/plugins\/seo\/ -->\n<title>Pol\u00edtica de privacidad | matiasreba | Stickering Illustration<\/title>\n<meta name=\"description\" content=\"Artista peruano que crea stickers a mano de criaturas l\u00fadicas y coloridas con pintura y vinil. Encu\u00e9ntrame en Instagram como @matiasreba\" \/>\n<meta name=\"robots\" content=\"index, follow, max-snippet:-1, max-image-preview:large, max-video-preview:-1\" \/>\n<link rel=\"canonical\" href=\"https:\/\/www.matiasreba.com\/en\/privacidad\/\" \/>\n<meta property=\"og:locale\" content=\"en_US\" \/>\n<meta property=\"og:type\" content=\"article\" \/>\n<meta property=\"og:title\" content=\"Pol\u00edtica de privacidad | matiasreba | Stickering Illustration\" \/>\n<meta property=\"og:description\" content=\"Artista peruano que crea stickers a mano de criaturas l\u00fadicas y coloridas con pintura y vinil. Encu\u00e9ntrame en Instagram como @matiasreba\" \/>\n<meta property=\"og:url\" content=\"https:\/\/www.matiasreba.com\/en\/privacidad\/\" \/>\n<meta property=\"og:site_name\" content=\"matiasreba\" \/>\n<meta property=\"article:modified_time\" content=\"2023-11-28T14:17:56+00:00\" \/>\n<meta property=\"og:image\" content=\"https:\/\/www.matiasreba.com\/wp-content\/uploads\/2023\/11\/SHOP-megastickers-Chongo-Tours-1.jpg\" \/>\n\t<meta property=\"og:image:width\" content=\"1100\" \/>\n\t<meta property=\"og:image:height\" content=\"1100\" \/>\n\t<meta property=\"og:image:type\" content=\"image\/jpeg\" \/>\n<meta name=\"twitter:card\" content=\"summary_large_image\" \/>\n<meta name=\"twitter:label1\" content=\"Est. reading time\" \/>\n\t<meta name=\"twitter:data1\" content=\"7 minutes\" \/>\n<script type=\"application\/ld+json\" class=\"yoast-schema-graph\">{\"@context\":\"https:\/\/schema.org\",\"@graph\":[{\"@type\":\"WebPage\",\"@id\":\"https:\/\/www.matiasreba.com\/privacidad\/\",\"url\":\"https:\/\/www.matiasreba.com\/privacidad\/\",\"name\":\"Pol\u00edtica de privacidad | matiasreba | Stickering Illustration\",\"isPartOf\":{\"@id\":\"https:\/\/www.matiasreba.com\/#website\"},\"primaryImageOfPage\":{\"@id\":\"https:\/\/www.matiasreba.com\/privacidad\/#primaryimage\"},\"image\":{\"@id\":\"https:\/\/www.matiasreba.com\/privacidad\/#primaryimage\"},\"thumbnailUrl\":\"https:\/\/www.matiasreba.com\/wp-content\/uploads\/2023\/11\/SHOP-megastickers-Chongo-Tours-1.jpg\",\"datePublished\":\"2023-11-20T16:23:46+00:00\",\"dateModified\":\"2023-11-28T14:17:56+00:00\",\"description\":\"Artista peruano que crea stickers a mano de criaturas l\u00fadicas y coloridas con pintura y vinil. Encu\u00e9ntrame en Instagram como @matiasreba\",\"breadcrumb\":{\"@id\":\"https:\/\/www.matiasreba.com\/privacidad\/#breadcrumb\"},\"inLanguage\":\"en-US\",\"potentialAction\":[{\"@type\":\"ReadAction\",\"target\":[\"https:\/\/www.matiasreba.com\/privacidad\/\"]}]},{\"@type\":\"ImageObject\",\"inLanguage\":\"en-US\",\"@id\":\"https:\/\/www.matiasreba.com\/privacidad\/#primaryimage\",\"url\":\"https:\/\/www.matiasreba.com\/wp-content\/uploads\/2023\/11\/SHOP-megastickers-Chongo-Tours-1.jpg\",\"contentUrl\":\"https:\/\/www.matiasreba.com\/wp-content\/uploads\/2023\/11\/SHOP-megastickers-Chongo-Tours-1.jpg\",\"width\":1100,\"height\":1100},{\"@type\":\"BreadcrumbList\",\"@id\":\"https:\/\/www.matiasreba.com\/privacidad\/#breadcrumb\",\"itemListElement\":[{\"@type\":\"ListItem\",\"position\":1,\"name\":\"Home\",\"item\":\"https:\/\/www.matiasreba.com\/\"},{\"@type\":\"ListItem\",\"position\":2,\"name\":\"Pol\u00edtica de privacidad\"}]},{\"@type\":\"WebSite\",\"@id\":\"https:\/\/www.matiasreba.com\/#website\",\"url\":\"https:\/\/www.matiasreba.com\/\",\"name\":\"matiasreba\",\"description\":\"Stickering Illustration\",\"publisher\":{\"@id\":\"https:\/\/www.matiasreba.com\/#\/schema\/person\/8dca92ffa182100fe979f81d9ebaddba\"},\"potentialAction\":[{\"@type\":\"SearchAction\",\"target\":{\"@type\":\"EntryPoint\",\"urlTemplate\":\"https:\/\/www.matiasreba.com\/?s={search_term_string}\"},\"query-input\":{\"@type\":\"PropertyValueSpecification\",\"valueRequired\":true,\"valueName\":\"search_term_string\"}}],\"inLanguage\":\"en-US\"},{\"@type\":[\"Person\",\"Organization\"],\"@id\":\"https:\/\/www.matiasreba.com\/#\/schema\/person\/8dca92ffa182100fe979f81d9ebaddba\",\"name\":\"matiasreba\",\"image\":{\"@type\":\"ImageObject\",\"inLanguage\":\"en-US\",\"@id\":\"https:\/\/www.matiasreba.com\/#\/schema\/person\/image\/\",\"url\":\"https:\/\/secure.gravatar.com\/avatar\/7593c7b3664f472f6812beafe2c32b54378563714a3832fa5e5c9f118c68819e?s=96&d=mm&r=g\",\"contentUrl\":\"https:\/\/secure.gravatar.com\/avatar\/7593c7b3664f472f6812beafe2c32b54378563714a3832fa5e5c9f118c68819e?s=96&d=mm&r=g\",\"caption\":\"matiasreba\"},\"logo\":{\"@id\":\"https:\/\/www.matiasreba.com\/#\/schema\/person\/image\/\"},\"sameAs\":[\"https:\/\/www.matiasreba.com\"]}]}<\/script>\n<!-- \/ Yoast SEO plugin. -->","yoast_head_json":{"title":"Pol\u00edtica de privacidad | matiasreba | Stickering Illustration","description":"Artista peruano que crea stickers a mano de criaturas l\u00fadicas y coloridas con pintura y vinil. Encu\u00e9ntrame en Instagram como @matiasreba","robots":{"index":"index","follow":"follow","max-snippet":"max-snippet:-1","max-image-preview":"max-image-preview:large","max-video-preview":"max-video-preview:-1"},"canonical":"https:\/\/www.matiasreba.com\/en\/privacidad\/","og_locale":"en_US","og_type":"article","og_title":"Pol\u00edtica de privacidad | matiasreba | Stickering Illustration","og_description":"Artista peruano que crea stickers a mano de criaturas l\u00fadicas y coloridas con pintura y vinil. Encu\u00e9ntrame en Instagram como @matiasreba","og_url":"https:\/\/www.matiasreba.com\/en\/privacidad\/","og_site_name":"matiasreba","article_modified_time":"2023-11-28T14:17:56+00:00","og_image":[{"width":1100,"height":1100,"url":"https:\/\/www.matiasreba.com\/wp-content\/uploads\/2023\/11\/SHOP-megastickers-Chongo-Tours-1.jpg","type":"image\/jpeg"}],"twitter_card":"summary_large_image","twitter_misc":{"Est. reading time":"7 minutes"},"schema":{"@context":"https:\/\/schema.org","@graph":[{"@type":"WebPage","@id":"https:\/\/www.matiasreba.com\/privacidad\/","url":"https:\/\/www.matiasreba.com\/privacidad\/","name":"Pol\u00edtica de privacidad | matiasreba | Stickering Illustration","isPartOf":{"@id":"https:\/\/www.matiasreba.com\/#website"},"primaryImageOfPage":{"@id":"https:\/\/www.matiasreba.com\/privacidad\/#primaryimage"},"image":{"@id":"https:\/\/www.matiasreba.com\/privacidad\/#primaryimage"},"thumbnailUrl":"https:\/\/www.matiasreba.com\/wp-content\/uploads\/2023\/11\/SHOP-megastickers-Chongo-Tours-1.jpg","datePublished":"2023-11-20T16:23:46+00:00","dateModified":"2023-11-28T14:17:56+00:00","description":"Artista peruano que crea stickers a mano de criaturas l\u00fadicas y coloridas con pintura y vinil. Encu\u00e9ntrame en Instagram como @matiasreba","breadcrumb":{"@id":"https:\/\/www.matiasreba.com\/privacidad\/#breadcrumb"},"inLanguage":"en-US","potentialAction":[{"@type":"ReadAction","target":["https:\/\/www.matiasreba.com\/privacidad\/"]}]},{"@type":"ImageObject","inLanguage":"en-US","@id":"https:\/\/www.matiasreba.com\/privacidad\/#primaryimage","url":"https:\/\/www.matiasreba.com\/wp-content\/uploads\/2023\/11\/SHOP-megastickers-Chongo-Tours-1.jpg","contentUrl":"https:\/\/www.matiasreba.com\/wp-content\/uploads\/2023\/11\/SHOP-megastickers-Chongo-Tours-1.jpg","width":1100,"height":1100},{"@type":"BreadcrumbList","@id":"https:\/\/www.matiasreba.com\/privacidad\/#breadcrumb","itemListElement":[{"@type":"ListItem","position":1,"name":"Home","item":"https:\/\/www.matiasreba.com\/"},{"@type":"ListItem","position":2,"name":"Pol\u00edtica de privacidad"}]},{"@type":"WebSite","@id":"https:\/\/www.matiasreba.com\/#website","url":"https:\/\/www.matiasreba.com\/","name":"matiasreba","description":"Stickering Illustration","publisher":{"@id":"https:\/\/www.matiasreba.com\/#\/schema\/person\/8dca92ffa182100fe979f81d9ebaddba"},"potentialAction":[{"@type":"SearchAction","target":{"@type":"EntryPoint","urlTemplate":"https:\/\/www.matiasreba.com\/?s={search_term_string}"},"query-input":{"@type":"PropertyValueSpecification","valueRequired":true,"valueName":"search_term_string"}}],"inLanguage":"en-US"},{"@type":["Person","Organization"],"@id":"https:\/\/www.matiasreba.com\/#\/schema\/person\/8dca92ffa182100fe979f81d9ebaddba","name":"matiasreba","image":{"@type":"ImageObject","inLanguage":"en-US","@id":"https:\/\/www.matiasreba.com\/#\/schema\/person\/image\/","url":"https:\/\/secure.gravatar.com\/avatar\/7593c7b3664f472f6812beafe2c32b54378563714a3832fa5e5c9f118c68819e?s=96&d=mm&r=g","contentUrl":"https:\/\/secure.gravatar.com\/avatar\/7593c7b3664f472f6812beafe2c32b54378563714a3832fa5e5c9f118c68819e?s=96&d=mm&r=g","caption":"matiasreba"},"logo":{"@id":"https:\/\/www.matiasreba.com\/#\/schema\/person\/image\/"},"sameAs":["https:\/\/www.matiasreba.com"]}]}},"_links":{"self":[{"href":"https:\/\/www.matiasreba.com\/en\/wp-json\/wp\/v2\/pages\/3","targetHints":{"allow":["GET"]}}],"collection":[{"href":"https:\/\/www.matiasreba.com\/en\/wp-json\/wp\/v2\/pages"}],"about":[{"href":"https:\/\/www.matiasreba.com\/en\/wp-json\/wp\/v2\/types\/page"}],"author":[{"embeddable":true,"href":"https:\/\/www.matiasreba.com\/en\/wp-json\/wp\/v2\/users\/1"}],"replies":[{"embeddable":true,"href":"https:\/\/www.matiasreba.com\/en\/wp-json\/wp\/v2\/comments?post=3"}],"version-history":[{"count":5,"href":"https:\/\/www.matiasreba.com\/en\/wp-json\/wp\/v2\/pages\/3\/revisions"}],"predecessor-version":[{"id":1209,"href":"https:\/\/www.matiasreba.com\/en\/wp-json\/wp\/v2\/pages\/3\/revisions\/1209"}],"wp:featuredmedia":[{"embeddable":true,"href":"https:\/\/www.matiasreba.com\/en\/wp-json\/wp\/v2\/media\/1495"}],"wp:attachment":[{"href":"https:\/\/www.matiasreba.com\/en\/wp-json\/wp\/v2\/media?parent=3"}],"curies":[{"name":"wp","href":"https:\/\/api.w.org\/{rel}","templated":true}]}}