{"id":162,"date":"2023-11-23T21:45:02","date_gmt":"2023-11-24T02:45:02","guid":{"rendered":"https:\/\/www.matiasreba.com\/?page_id=162"},"modified":"2025-05-20T18:31:12","modified_gmt":"2025-05-20T23:31:12","slug":"bio","status":"publish","type":"page","link":"https:\/\/www.matiasreba.com\/en\/bio\/","title":{"rendered":"Bio"},"content":{"rendered":"<div data-elementor-type=\"wp-page\" data-elementor-id=\"162\" class=\"elementor elementor-162\">\n\t\t\t\t\t\t<section class=\"elementor-section elementor-top-section elementor-element elementor-element-6d6bef3 elementor-section-content-middle elementor-section-stretched elementor-section-boxed elementor-section-height-default elementor-section-height-default wd-section-disabled\" data-id=\"6d6bef3\" data-element_type=\"section\" data-settings=\"{&quot;stretch_section&quot;:&quot;section-stretched&quot;}\">\n\t\t\t\t\t\t<div class=\"elementor-container elementor-column-gap-no\">\n\t\t\t\t\t<div class=\"elementor-column elementor-col-50 elementor-top-column elementor-element elementor-element-f1de025\" data-id=\"f1de025\" data-element_type=\"column\">\n\t\t\t<div class=\"elementor-widget-wrap elementor-element-populated\">\n\t\t\t\t\t\t<div class=\"elementor-element elementor-element-4b93b67 elementor-widget-mobile_extra__width-initial elementor-widget elementor-widget-premium-img-gallery\" data-id=\"4b93b67\" data-element_type=\"widget\" data-settings=\"{&quot;premium_gallery_img_content&quot;:[{&quot;_id&quot;:&quot;696b75c&quot;,&quot;premium_gallery_img&quot;:{&quot;url&quot;:&quot;https:\\\/\\\/www.matiasreba.com\\\/wp-content\\\/uploads\\\/2023\\\/11\\\/MATIASREBA-Bio-1.jpg&quot;,&quot;id&quot;:566,&quot;size&quot;:&quot;&quot;},&quot;premium_gallery_img_existing&quot;:null,&quot;premium_gallery_image_cell&quot;:{&quot;unit&quot;:&quot;px&quot;,&quot;size&quot;:&quot;&quot;,&quot;sizes&quot;:[]},&quot;premium_gallery_image_vcell&quot;:{&quot;unit&quot;:&quot;px&quot;,&quot;size&quot;:&quot;&quot;,&quot;sizes&quot;:[]},&quot;premium_gallery_link_whole&quot;:&quot;yes&quot;,&quot;premium_gallery_image_cell_tablet&quot;:{&quot;unit&quot;:&quot;px&quot;,&quot;size&quot;:&quot;&quot;,&quot;sizes&quot;:[]},&quot;premium_gallery_image_cell_mobile_extra&quot;:{&quot;unit&quot;:&quot;px&quot;,&quot;size&quot;:&quot;&quot;,&quot;sizes&quot;:[]},&quot;premium_gallery_image_cell_mobile&quot;:{&quot;unit&quot;:&quot;px&quot;,&quot;size&quot;:&quot;&quot;,&quot;sizes&quot;:[]},&quot;premium_gallery_image_vcell_tablet&quot;:{&quot;unit&quot;:&quot;px&quot;,&quot;size&quot;:&quot;&quot;,&quot;sizes&quot;:[]},&quot;premium_gallery_image_vcell_mobile_extra&quot;:{&quot;unit&quot;:&quot;px&quot;,&quot;size&quot;:&quot;&quot;,&quot;sizes&quot;:[]},&quot;premium_gallery_image_vcell_mobile&quot;:{&quot;unit&quot;:&quot;px&quot;,&quot;size&quot;:&quot;&quot;,&quot;sizes&quot;:[]},&quot;premium_gallery_video&quot;:&quot;&quot;,&quot;premium_gallery_video_type&quot;:null,&quot;premium_gallery_video_url&quot;:null,&quot;premium_gallery_video_self&quot;:null,&quot;premium_gallery_video_self_url&quot;:null,&quot;premium_gallery_video_controls&quot;:null,&quot;premium_gallery_video_mute&quot;:null,&quot;premium_gallery_video_loop&quot;:null,&quot;download_button&quot;:null,&quot;privacy_mode&quot;:null,&quot;premmium_gallery_img_info&quot;:&quot;&quot;,&quot;premium_gallery_img_name&quot;:&quot;&quot;,&quot;premium_gallery_img_desc&quot;:&quot;&quot;,&quot;premium_gallery_img_category&quot;:&quot;&quot;,&quot;premium_gallery_img_link_type&quot;:&quot;url&quot;,&quot;premium_gallery_img_link&quot;:{&quot;url&quot;:&quot;&quot;,&quot;is_external&quot;:&quot;&quot;,&quot;nofollow&quot;:&quot;&quot;,&quot;custom_attributes&quot;:&quot;&quot;},&quot;premium_gallery_lightbox_whole&quot;:&quot;&quot;}]}\" data-widget_type=\"premium-img-gallery.default\">\n\t\t\t\t<div class=\"elementor-widget-container\">\n\t\t\t\t\t\r\n\t<div class=\"premium-img-gallery-no-lightbox elementor-invisible premium-img-gallery premium-img-gallery-fitRows none premium-gallery-icon-show\" id=\"premium-img-gallery-4b93b67\">\r\n\t\t\r\n\t\t<div class=\"premium-gallery-container\" data-settings=\"{&quot;img_size&quot;:&quot;fitRows&quot;,&quot;filter&quot;:&quot;&quot;,&quot;theme&quot;:null,&quot;active_cat&quot;:&quot;*&quot;,&quot;ltr_mode&quot;:true,&quot;shuffle&quot;:false,&quot;sort_by&quot;:&quot;original-order&quot;,&quot;skin&quot;:&quot;style1&quot;}\">\r\n\r\n\t\t\t\t\t\t\t<div class=\"premium-gallery-item elementor-repeater-item-696b75c\">\r\n\t\t\t\t<div class=\"pa-gallery-img style1\" onclick=\"\">\r\n\t\t\t\t\t<div class=\"pa-gallery-img-container\">\r\n\t\t\t\t\t\t\t\t<img fetchpriority=\"high\" decoding=\"async\" width=\"1000\" height=\"1293\" src=\"https:\/\/www.matiasreba.com\/wp-content\/uploads\/2023\/11\/MATIASREBA-Bio-1.jpg\" class=\"attachment-full size-full wp-image-566\" alt=\"\" srcset=\"https:\/\/www.matiasreba.com\/wp-content\/uploads\/2023\/11\/MATIASREBA-Bio-1.jpg 1000w, https:\/\/www.matiasreba.com\/wp-content\/uploads\/2023\/11\/MATIASREBA-Bio-1-232x300.jpg 232w, https:\/\/www.matiasreba.com\/wp-content\/uploads\/2023\/11\/MATIASREBA-Bio-1-824x1066.jpg 824w, https:\/\/www.matiasreba.com\/wp-content\/uploads\/2023\/11\/MATIASREBA-Bio-1-768x993.jpg 768w, https:\/\/www.matiasreba.com\/wp-content\/uploads\/2023\/11\/MATIASREBA-Bio-1-9x12.jpg 9w, https:\/\/www.matiasreba.com\/wp-content\/uploads\/2023\/11\/MATIASREBA-Bio-1-600x776.jpg 600w, https:\/\/www.matiasreba.com\/wp-content\/uploads\/2023\/11\/MATIASREBA-Bio-1-150x194.jpg 150w\" sizes=\"(max-width: 1000px) 100vw, 1000px\" \/>\t\t\t\t\t\t\t<\/div>\r\n\t\t\t\t\t\t\t\t\t\t\t\t<div class=\"pa-gallery-icons-wrapper\">\r\n\t\t\t\t\t\t\t\t<div class=\"pa-gallery-icons-inner-container\">\r\n\t\t\t\t\t\t\t\t\t\t\t\t\t\t\t\t\t<\/div>\r\n\t\t\t\t\t\t\t<\/div>\r\n\t\t\t\t\t\t\t\t\t\t\t\t\t\t<a class=\"pa-gallery-whole-link\">\r\n\t\t\t\t\t\t\t\t<span>\r\n\t\t\t\t\t\t\t\t\t\t\t\t\t\t\t\t\t<\/span>\r\n\t\t\t\t\t\t\t<\/a>\r\n\t\t\t\t\t\t\t\t\t\t\t<\/div>\r\n\t\t\t<\/div>\r\n\t\t\t\r\n\t\t\t\t\t<\/div>\r\n\r\n\t\t\r\n\t<\/div>\r\n\r\n\t\t\r\n\t\t\r\n\t\t\t\t\t\t<\/div>\n\t\t\t\t<\/div>\n\t\t\t\t\t<\/div>\n\t\t<\/div>\n\t\t\t\t<div class=\"elementor-column elementor-col-50 elementor-top-column elementor-element elementor-element-58a2852\" data-id=\"58a2852\" data-element_type=\"column\">\n\t\t\t<div class=\"elementor-widget-wrap elementor-element-populated\">\n\t\t\t\t\t\t<div class=\"elementor-element elementor-element-92b8c70 color-scheme-inherit text-left elementor-widget elementor-widget-text-editor\" data-id=\"92b8c70\" data-element_type=\"widget\" data-widget_type=\"text-editor.default\">\n\t\t\t\t<div class=\"elementor-widget-container\">\n\t\t\t\t\t\t\t\t\t<p>MAT\u00cdAS REBAGLIATI<\/p>\t\t\t\t\t\t\t\t<\/div>\n\t\t\t\t<\/div>\n\t\t\t\t<div class=\"elementor-element elementor-element-123159b color-scheme-inherit text-left elementor-widget elementor-widget-text-editor\" data-id=\"123159b\" data-element_type=\"widget\" data-widget_type=\"text-editor.default\">\n\t\t\t\t<div class=\"elementor-widget-container\">\n\t\t\t\t\t\t\t\t\t<p>Sticker Illustrator, occasional Painter, and Artist of many lists.<\/p><p class=\" translation-block\">In my drawings I imagine playful creatures, colorful landscapes and extravagant individuals. My visual language is characterized by the bold linework, intense colors, and the influence of nature, character design, and cartoon aesthetic. My work consists of creating handmade stickers with paint and vinyl using a unique technique that I developed myself, which I named <strong style=\"color: #2ea8b8\"><a style=\"color: #2ea8b8\" href=\"https:\/\/www.matiasreba.com\/en\/stickering\" data-cke-saved-href=\"https:\/\/www.matiasreba.com\/stickering\" target=\"_self\">Stickering<\/a><\/strong>. In addition, I make murals, digital designs and offer my work in various products. My personal artistic project, <a style=\"color: #2ea8b8\" href=\"https:\/\/www.matiasreba.com\/en\/de-memoria\" data-cke-saved-href=\"https:\/\/www.matiasreba.com\/de-memoria\" target=\"_self\"><strong>De Memoria<\/strong><\/a>, is a compilation of archives and records of my life that delve into themes of memory, attachment and intimacy.<\/p><p>If you want to commission work, start a collab, ask a questions or simply say hello, don't hesitate in <strong><span style=\"color: #2ea8b8;\"><a style=\"color: #2ea8b8;\" href=\"https:\/\/www.matiasreba.com\/contacto\">contact<\/a>\u00a0<\/span><\/strong>and make sure to follow\u00a0<a style=\"color: #2ea8b8;\" href=\"https:\/\/www.instagram.com\/matiasreba\" data-cke-saved-href=\"https:\/\/www.instagram.com\/matiasreba\"><strong>matiasreba<\/strong><\/a> on Instagram to get the latest updates.<\/p>\t\t\t\t\t\t\t\t<\/div>\n\t\t\t\t<\/div>\n\t\t\t\t<div class=\"elementor-element elementor-element-b6190a6 elementor-widget elementor-widget-image\" data-id=\"b6190a6\" data-element_type=\"widget\" data-widget_type=\"image.default\">\n\t\t\t\t<div class=\"elementor-widget-container\">\n\t\t\t\t\t\t\t\t\t\t\t\t\t\t\t\t<a href=\"https:\/\/www.matiasreba.com\">\n\t\t\t\t\t\t\t<img decoding=\"async\" width=\"500\" height=\"92\" src=\"https:\/\/www.matiasreba.com\/wp-content\/uploads\/2023\/11\/MATIASREBA-firma-1.png\" class=\"attachment-full size-full wp-image-567\" alt=\"\" srcset=\"https:\/\/www.matiasreba.com\/wp-content\/uploads\/2023\/11\/MATIASREBA-firma-1.png 500w, https:\/\/www.matiasreba.com\/wp-content\/uploads\/2023\/11\/MATIASREBA-firma-1-300x55.png 300w, https:\/\/www.matiasreba.com\/wp-content\/uploads\/2023\/11\/MATIASREBA-firma-1-150x28.png 150w\" sizes=\"(max-width: 500px) 100vw, 500px\" \/>\t\t\t\t\t\t\t\t<\/a>\n\t\t\t\t\t\t\t\t\t\t\t\t\t\t\t<\/div>\n\t\t\t\t<\/div>\n\t\t\t\t\t<\/div>\n\t\t<\/div>\n\t\t\t\t\t<\/div>\n\t\t<\/section>\n\t\t\t\t<\/div>","protected":false},"excerpt":{"rendered":"<p>MAT\u00cdAS REBAGLIATI Ilustrador de stickers, Pintor espor\u00e1dico y Artista con muchas listas, de Lima, Per\u00fa. Desde el dibujo imagino criaturas<\/p>","protected":false},"author":1,"featured_media":1495,"parent":0,"menu_order":0,"comment_status":"closed","ping_status":"closed","template":"","meta":{"footnotes":""},"class_list":["post-162","page","type-page","status-publish","has-post-thumbnail","hentry"],"yoast_head":"<!-- This site is optimized with the Yoast SEO plugin v26.7 - https:\/\/yoast.com\/wordpress\/plugins\/seo\/ -->\n<title>Bio | matiasreba | Stickering Illustration<\/title>\n<meta name=\"description\" content=\"Artista peruano que crea stickers a mano de criaturas l\u00fadicas y coloridas con pintura y vinil. Encu\u00e9ntrame en Instagram como @matiasreba\" \/>\n<meta name=\"robots\" content=\"index, follow, max-snippet:-1, max-image-preview:large, max-video-preview:-1\" \/>\n<link rel=\"canonical\" href=\"https:\/\/www.matiasreba.com\/en\/bio\/\" \/>\n<meta property=\"og:locale\" content=\"en_US\" \/>\n<meta property=\"og:type\" content=\"article\" \/>\n<meta property=\"og:title\" content=\"Bio | matiasreba | Stickering Illustration\" \/>\n<meta property=\"og:description\" content=\"Artista peruano que crea stickers a mano de criaturas l\u00fadicas y coloridas con pintura y vinil. Encu\u00e9ntrame en Instagram como @matiasreba\" \/>\n<meta property=\"og:url\" content=\"https:\/\/www.matiasreba.com\/en\/bio\/\" \/>\n<meta property=\"og:site_name\" content=\"matiasreba\" \/>\n<meta property=\"article:modified_time\" content=\"2025-05-20T23:31:12+00:00\" \/>\n<meta property=\"og:image\" content=\"https:\/\/www.matiasreba.com\/wp-content\/uploads\/2023\/11\/SHOP-megastickers-Chongo-Tours-1.jpg\" \/>\n\t<meta property=\"og:image:width\" content=\"1100\" \/>\n\t<meta property=\"og:image:height\" content=\"1100\" \/>\n\t<meta property=\"og:image:type\" content=\"image\/jpeg\" \/>\n<meta name=\"twitter:card\" content=\"summary_large_image\" \/>\n<meta name=\"twitter:label1\" content=\"Est. reading time\" \/>\n\t<meta name=\"twitter:data1\" content=\"2 minutes\" \/>\n<script type=\"application\/ld+json\" class=\"yoast-schema-graph\">{\"@context\":\"https:\/\/schema.org\",\"@graph\":[{\"@type\":\"WebPage\",\"@id\":\"https:\/\/www.matiasreba.com\/bio\/\",\"url\":\"https:\/\/www.matiasreba.com\/bio\/\",\"name\":\"Bio | matiasreba | Stickering Illustration\",\"isPartOf\":{\"@id\":\"https:\/\/www.matiasreba.com\/#website\"},\"primaryImageOfPage\":{\"@id\":\"https:\/\/www.matiasreba.com\/bio\/#primaryimage\"},\"image\":{\"@id\":\"https:\/\/www.matiasreba.com\/bio\/#primaryimage\"},\"thumbnailUrl\":\"https:\/\/www.matiasreba.com\/wp-content\/uploads\/2023\/11\/SHOP-megastickers-Chongo-Tours-1.jpg\",\"datePublished\":\"2023-11-24T02:45:02+00:00\",\"dateModified\":\"2025-05-20T23:31:12+00:00\",\"description\":\"Artista peruano que crea stickers a mano de criaturas l\u00fadicas y coloridas con pintura y vinil. Encu\u00e9ntrame en Instagram como @matiasreba\",\"breadcrumb\":{\"@id\":\"https:\/\/www.matiasreba.com\/bio\/#breadcrumb\"},\"inLanguage\":\"en-US\",\"potentialAction\":[{\"@type\":\"ReadAction\",\"target\":[\"https:\/\/www.matiasreba.com\/bio\/\"]}]},{\"@type\":\"ImageObject\",\"inLanguage\":\"en-US\",\"@id\":\"https:\/\/www.matiasreba.com\/bio\/#primaryimage\",\"url\":\"https:\/\/www.matiasreba.com\/wp-content\/uploads\/2023\/11\/SHOP-megastickers-Chongo-Tours-1.jpg\",\"contentUrl\":\"https:\/\/www.matiasreba.com\/wp-content\/uploads\/2023\/11\/SHOP-megastickers-Chongo-Tours-1.jpg\",\"width\":1100,\"height\":1100},{\"@type\":\"BreadcrumbList\",\"@id\":\"https:\/\/www.matiasreba.com\/bio\/#breadcrumb\",\"itemListElement\":[{\"@type\":\"ListItem\",\"position\":1,\"name\":\"Home\",\"item\":\"https:\/\/www.matiasreba.com\/\"},{\"@type\":\"ListItem\",\"position\":2,\"name\":\"Bio\"}]},{\"@type\":\"WebSite\",\"@id\":\"https:\/\/www.matiasreba.com\/#website\",\"url\":\"https:\/\/www.matiasreba.com\/\",\"name\":\"matiasreba\",\"description\":\"Stickering Illustration\",\"publisher\":{\"@id\":\"https:\/\/www.matiasreba.com\/#\/schema\/person\/8dca92ffa182100fe979f81d9ebaddba\"},\"potentialAction\":[{\"@type\":\"SearchAction\",\"target\":{\"@type\":\"EntryPoint\",\"urlTemplate\":\"https:\/\/www.matiasreba.com\/?s={search_term_string}\"},\"query-input\":{\"@type\":\"PropertyValueSpecification\",\"valueRequired\":true,\"valueName\":\"search_term_string\"}}],\"inLanguage\":\"en-US\"},{\"@type\":[\"Person\",\"Organization\"],\"@id\":\"https:\/\/www.matiasreba.com\/#\/schema\/person\/8dca92ffa182100fe979f81d9ebaddba\",\"name\":\"matiasreba\",\"image\":{\"@type\":\"ImageObject\",\"inLanguage\":\"en-US\",\"@id\":\"https:\/\/www.matiasreba.com\/#\/schema\/person\/image\/\",\"url\":\"https:\/\/secure.gravatar.com\/avatar\/7593c7b3664f472f6812beafe2c32b54378563714a3832fa5e5c9f118c68819e?s=96&d=mm&r=g\",\"contentUrl\":\"https:\/\/secure.gravatar.com\/avatar\/7593c7b3664f472f6812beafe2c32b54378563714a3832fa5e5c9f118c68819e?s=96&d=mm&r=g\",\"caption\":\"matiasreba\"},\"logo\":{\"@id\":\"https:\/\/www.matiasreba.com\/#\/schema\/person\/image\/\"},\"sameAs\":[\"https:\/\/www.matiasreba.com\"]}]}<\/script>\n<!-- \/ Yoast SEO plugin. -->","yoast_head_json":{"title":"Bio | matiasreba | Stickering Illustration","description":"Artista peruano que crea stickers a mano de criaturas l\u00fadicas y coloridas con pintura y vinil. Encu\u00e9ntrame en Instagram como @matiasreba","robots":{"index":"index","follow":"follow","max-snippet":"max-snippet:-1","max-image-preview":"max-image-preview:large","max-video-preview":"max-video-preview:-1"},"canonical":"https:\/\/www.matiasreba.com\/en\/bio\/","og_locale":"en_US","og_type":"article","og_title":"Bio | matiasreba | Stickering Illustration","og_description":"Artista peruano que crea stickers a mano de criaturas l\u00fadicas y coloridas con pintura y vinil. Encu\u00e9ntrame en Instagram como @matiasreba","og_url":"https:\/\/www.matiasreba.com\/en\/bio\/","og_site_name":"matiasreba","article_modified_time":"2025-05-20T23:31:12+00:00","og_image":[{"width":1100,"height":1100,"url":"https:\/\/www.matiasreba.com\/wp-content\/uploads\/2023\/11\/SHOP-megastickers-Chongo-Tours-1.jpg","type":"image\/jpeg"}],"twitter_card":"summary_large_image","twitter_misc":{"Est. reading time":"2 minutes"},"schema":{"@context":"https:\/\/schema.org","@graph":[{"@type":"WebPage","@id":"https:\/\/www.matiasreba.com\/bio\/","url":"https:\/\/www.matiasreba.com\/bio\/","name":"Bio | matiasreba | Stickering Illustration","isPartOf":{"@id":"https:\/\/www.matiasreba.com\/#website"},"primaryImageOfPage":{"@id":"https:\/\/www.matiasreba.com\/bio\/#primaryimage"},"image":{"@id":"https:\/\/www.matiasreba.com\/bio\/#primaryimage"},"thumbnailUrl":"https:\/\/www.matiasreba.com\/wp-content\/uploads\/2023\/11\/SHOP-megastickers-Chongo-Tours-1.jpg","datePublished":"2023-11-24T02:45:02+00:00","dateModified":"2025-05-20T23:31:12+00:00","description":"Artista peruano que crea stickers a mano de criaturas l\u00fadicas y coloridas con pintura y vinil. Encu\u00e9ntrame en Instagram como @matiasreba","breadcrumb":{"@id":"https:\/\/www.matiasreba.com\/bio\/#breadcrumb"},"inLanguage":"en-US","potentialAction":[{"@type":"ReadAction","target":["https:\/\/www.matiasreba.com\/bio\/"]}]},{"@type":"ImageObject","inLanguage":"en-US","@id":"https:\/\/www.matiasreba.com\/bio\/#primaryimage","url":"https:\/\/www.matiasreba.com\/wp-content\/uploads\/2023\/11\/SHOP-megastickers-Chongo-Tours-1.jpg","contentUrl":"https:\/\/www.matiasreba.com\/wp-content\/uploads\/2023\/11\/SHOP-megastickers-Chongo-Tours-1.jpg","width":1100,"height":1100},{"@type":"BreadcrumbList","@id":"https:\/\/www.matiasreba.com\/bio\/#breadcrumb","itemListElement":[{"@type":"ListItem","position":1,"name":"Home","item":"https:\/\/www.matiasreba.com\/"},{"@type":"ListItem","position":2,"name":"Bio"}]},{"@type":"WebSite","@id":"https:\/\/www.matiasreba.com\/#website","url":"https:\/\/www.matiasreba.com\/","name":"matiasreba","description":"Stickering Illustration","publisher":{"@id":"https:\/\/www.matiasreba.com\/#\/schema\/person\/8dca92ffa182100fe979f81d9ebaddba"},"potentialAction":[{"@type":"SearchAction","target":{"@type":"EntryPoint","urlTemplate":"https:\/\/www.matiasreba.com\/?s={search_term_string}"},"query-input":{"@type":"PropertyValueSpecification","valueRequired":true,"valueName":"search_term_string"}}],"inLanguage":"en-US"},{"@type":["Person","Organization"],"@id":"https:\/\/www.matiasreba.com\/#\/schema\/person\/8dca92ffa182100fe979f81d9ebaddba","name":"matiasreba","image":{"@type":"ImageObject","inLanguage":"en-US","@id":"https:\/\/www.matiasreba.com\/#\/schema\/person\/image\/","url":"https:\/\/secure.gravatar.com\/avatar\/7593c7b3664f472f6812beafe2c32b54378563714a3832fa5e5c9f118c68819e?s=96&d=mm&r=g","contentUrl":"https:\/\/secure.gravatar.com\/avatar\/7593c7b3664f472f6812beafe2c32b54378563714a3832fa5e5c9f118c68819e?s=96&d=mm&r=g","caption":"matiasreba"},"logo":{"@id":"https:\/\/www.matiasreba.com\/#\/schema\/person\/image\/"},"sameAs":["https:\/\/www.matiasreba.com"]}]}},"_links":{"self":[{"href":"https:\/\/www.matiasreba.com\/en\/wp-json\/wp\/v2\/pages\/162","targetHints":{"allow":["GET"]}}],"collection":[{"href":"https:\/\/www.matiasreba.com\/en\/wp-json\/wp\/v2\/pages"}],"about":[{"href":"https:\/\/www.matiasreba.com\/en\/wp-json\/wp\/v2\/types\/page"}],"author":[{"embeddable":true,"href":"https:\/\/www.matiasreba.com\/en\/wp-json\/wp\/v2\/users\/1"}],"replies":[{"embeddable":true,"href":"https:\/\/www.matiasreba.com\/en\/wp-json\/wp\/v2\/comments?post=162"}],"version-history":[{"count":19,"href":"https:\/\/www.matiasreba.com\/en\/wp-json\/wp\/v2\/pages\/162\/revisions"}],"predecessor-version":[{"id":2452,"href":"https:\/\/www.matiasreba.com\/en\/wp-json\/wp\/v2\/pages\/162\/revisions\/2452"}],"wp:featuredmedia":[{"embeddable":true,"href":"https:\/\/www.matiasreba.com\/en\/wp-json\/wp\/v2\/media\/1495"}],"wp:attachment":[{"href":"https:\/\/www.matiasreba.com\/en\/wp-json\/wp\/v2\/media?parent=162"}],"curies":[{"name":"wp","href":"https:\/\/api.w.org\/{rel}","templated":true}]}}